{"id":1043,"date":"2019-04-23T09:24:14","date_gmt":"2019-04-23T09:24:14","guid":{"rendered":"http:\/\/localhost\/Business\/?page_id=1043"},"modified":"2023-04-25T03:03:00","modified_gmt":"2023-04-25T03:03:00","slug":"contacto","status":"publish","type":"page","link":"https:\/\/bgfluids.com\/?page_id=1043","title":{"rendered":"Contacto"},"content":{"rendered":"\t\t<div data-elementor-type=\"wp-page\" data-elementor-id=\"1043\" class=\"elementor elementor-1043\" data-elementor-post-type=\"page\">\n\t\t\t\t\t\t<section class=\"elementor-section elementor-top-section elementor-element elementor-element-3a40ab10 elementor-section-stretched tm-column-break-ipad-no tm-col-stretched-none elementor-section-boxed elementor-section-height-default elementor-section-height-default\" data-id=\"3a40ab10\" data-element_type=\"section\" data-settings=\"{&quot;stretch_section&quot;:&quot;section-stretched&quot;}\">\n\t\t\t\t\t\t<div class=\"elementor-container elementor-column-gap-default\">\n\t\t\t\t\t<div class=\"elementor-column elementor-col-100 elementor-top-column elementor-element elementor-element-769844f3\" data-id=\"769844f3\" data-element_type=\"column\">\n\t\t\t<div class=\"elementor-widget-wrap\">\n\t\t\t\t\t\t\t<\/div>\n\t\t<\/div>\n\t\t\t\t\t<\/div>\n\t\t<\/section>\n\t\t\t\t<section class=\"elementor-section elementor-top-section elementor-element elementor-element-2ca7bca7 elementor-section-full_width elementor-section-stretched tm-column-break-ipad-no tm-col-stretched-none elementor-section-height-default elementor-section-height-default\" data-id=\"2ca7bca7\" data-element_type=\"section\" data-settings=\"{&quot;stretch_section&quot;:&quot;section-stretched&quot;}\">\n\t\t\t\t\t\t\t<div class=\"elementor-background-overlay\"><\/div>\n\t\t\t\t\t\t\t<div class=\"elementor-container elementor-column-gap-default\">\n\t\t\t\t\t<div class=\"elementor-column elementor-col-100 elementor-top-column elementor-element elementor-element-26cbbf70\" data-id=\"26cbbf70\" data-element_type=\"column\" data-settings=\"{&quot;background_background&quot;:&quot;gradient&quot;}\">\n\t\t\t<div class=\"elementor-widget-wrap elementor-element-populated\">\n\t\t\t\t\t\t<div class=\"elementor-element elementor-element-3e349f9f tm-align-left elementor-widget elementor-widget-tm_heading\" data-id=\"3e349f9f\" data-element_type=\"widget\" data-widget_type=\"tm_heading.default\">\n\t\t\t\t<div class=\"elementor-widget-container\">\n\t\t\t\t\t<div class=\"tm-element-heading-content-wrapper left-align tm-reverse-heading-yes tm-seperator-solid  tm-heading-style-vertical \"><div class=\"tm-content-header\"><h2 class=\"tm-element-content-heading tm-custom-heading \">\n\t\t\t\tSi te interesa  alguno de nuestros productos y\/o servicios de mezclado d\u00e9janos tus datos y un ejecutivo te contactar\u00e1 a la brevedad \n\t\t\t<\/h2>\n\t\t<div class=\"heading-seperator\"><span><\/span><\/div><\/div><\/div>\t\t\t\t<\/div>\n\t\t\t\t<\/div>\n\t\t\t\t<div class=\"elementor-element elementor-element-3fe40eaf elementor-widget elementor-widget-shortcode\" data-id=\"3fe40eaf\" data-element_type=\"widget\" data-widget_type=\"shortcode.default\">\n\t\t\t\t<div class=\"elementor-widget-container\">\n\t\t\t\t\t\t\t<div class=\"elementor-shortcode\">\n<div class=\"wpcf7 no-js\" id=\"wpcf7-f8-o1\" lang=\"es-ES\" dir=\"ltr\">\n<div class=\"screen-reader-response\"><p role=\"status\" aria-live=\"polite\" aria-atomic=\"true\"><\/p> <ul><\/ul><\/div>\n<form action=\"\/index.php?rest_route=%2Fwp%2Fv2%2Fpages%2F1043#wpcf7-f8-o1\" method=\"post\" class=\"wpcf7-form init\" aria-label=\"Formulario de contacto\" novalidate=\"novalidate\" data-status=\"init\">\n<div style=\"display: none;\">\n<input type=\"hidden\" name=\"_wpcf7\" value=\"8\" \/>\n<input type=\"hidden\" name=\"_wpcf7_version\" value=\"5.7.5.1\" \/>\n<input type=\"hidden\" name=\"_wpcf7_locale\" value=\"es_ES\" \/>\n<input type=\"hidden\" name=\"_wpcf7_unit_tag\" value=\"wpcf7-f8-o1\" \/>\n<input type=\"hidden\" name=\"_wpcf7_container_post\" value=\"0\" \/>\n<input type=\"hidden\" name=\"_wpcf7_posted_data_hash\" value=\"\" \/>\n<\/div>\n<div class=\"container\">\n\t<div class=\"row\">\n\t\t<div class=\"col-12\">\n\t\t\t<p><label> Nombre*<br \/>\n<span class=\"wpcf7-form-control-wrap\" data-name=\"nombre\"><input size=\"40\" class=\"wpcf7-form-control wpcf7-text wpcf7-validates-as-required\" autocomplete=\"Nombre\" aria-required=\"true\" aria-invalid=\"false\" value=\"\" type=\"text\" name=\"nombre\" \/><\/span> <\/label>\n\t\t\t<\/p>\n\t\t<\/div>\n\t\t<div class=\"col-6\">\n\t\t\t<p><label> Nombre de la empresa* <span class=\"wpcf7-form-control-wrap\" data-name=\"text-156\"><input size=\"40\" class=\"wpcf7-form-control wpcf7-text wpcf7-validates-as-required\" aria-required=\"true\" aria-invalid=\"false\" value=\"\" type=\"text\" name=\"text-156\" \/><\/span><br \/>\n<\/label>\n\t\t\t<\/p>\n\t\t<\/div>\n\t\t<div class=\"col-6\">\n\t\t\t<p><label> Correo*<br \/>\n<span class=\"wpcf7-form-control-wrap\" data-name=\"email-83\"><input size=\"40\" class=\"wpcf7-form-control wpcf7-text wpcf7-email wpcf7-validates-as-required wpcf7-validates-as-email\" aria-required=\"true\" aria-invalid=\"false\" value=\"\" type=\"email\" name=\"email-83\" \/><\/span><br \/>\n<\/label>\n\t\t\t<\/p>\n\t\t<\/div>\n\t\t<div class=\"col-6\">\n\t\t\t<p><label>Productos*<br \/>\n<span class=\"wpcf7-form-control-wrap\" data-name=\"menu-838\"><select class=\"wpcf7-form-control wpcf7-select\" aria-invalid=\"false\" name=\"menu-838\"><option value=\"Arcilla Organofilica (Caytone II)\">Arcilla Organofilica (Caytone II)<\/option><option value=\"Cloruro de Sodio\/Calcio\/Potasio\">Cloruro de Sodio\/Calcio\/Potasio<\/option><option value=\"Espaciadores Qu\u00edmicos\">Espaciadores Qu\u00edmicos<\/option><option value=\"Solventes\/Surfactantes\">Solventes\/Surfactantes<\/option><option value=\"Controlador de Filtrado Polvo\/L\u00edquido\">Controlador de Filtrado Polvo\/L\u00edquido<\/option><option value=\"Bentonita S\u00f3dica\">Bentonita S\u00f3dica<\/option><option value=\"Emulsificantes\">Emulsificantes<\/option><option value=\"Goma Xatana Polvo\/L\u00edquida\">Goma Xatana Polvo\/L\u00edquida<\/option><option value=\"Gilsonita\">Gilsonita<\/option><option value=\"Inhibidor de Arcillas\">Inhibidor de Arcillas<\/option><option value=\"Productos para Control de P\u00e9rdidas de Circulaci\u00f3n\">Productos para Control de P\u00e9rdidas de Circulaci\u00f3n<\/option><option value=\"Salmueras (Pot\u00e1sicas, S\u00f3dicas, C\u00e1lcicas)\">Salmueras (Pot\u00e1sicas, S\u00f3dicas, C\u00e1lcicas)<\/option><option value=\"Cloruro de Sodio\">Cloruro de Sodio<\/option><option value=\"Cloruro de Calcio\">Cloruro de Calcio<\/option><option value=\"Microsilica (Di\u00f3xido de Silicio)\">Microsilica (Di\u00f3xido de Silicio)<\/option><option value=\"Silicato de Sodio\">Silicato de Sodio<\/option><option value=\"Espaciadores\">Espaciadores<\/option><option value=\"\u00c1cido Clorh\u00eddrico\">\u00c1cido Clorh\u00eddrico<\/option><option value=\"\u00c1cido Ac\u00e9tico\">\u00c1cido Ac\u00e9tico<\/option><option value=\"\u00c1cido Formico\">\u00c1cido Formico<\/option><option value=\"\u00c1cido Citrico\">\u00c1cido Citrico<\/option><option value=\"Agentes Quelantes\">Agentes Quelantes<\/option><option value=\"Antisludges\">Antisludges<\/option><option value=\"Cloruro de Amonio\">Cloruro de Amonio<\/option><option value=\"Dispersante de Parafinas\">Dispersante de Parafinas<\/option><option value=\"Dispersante de Asfaltenos\">Dispersante de Asfaltenos<\/option><option value=\"Solvente Mutual\">Solvente Mutual<\/option><option value=\"Surfactantes\">Surfactantes<\/option><\/select><\/span><\/label>\n\t\t\t<\/p>\n\t\t<\/div>\n\t\t<div class=\"col-6\">\n\t\t\t<p><label> Otros <span class=\"wpcf7-form-control-wrap\" data-name=\"text-159\"><input size=\"40\" class=\"wpcf7-form-control wpcf7-text\" aria-invalid=\"false\" value=\"\" type=\"text\" name=\"text-159\" \/><\/span><br \/>\n<\/label>\n\t\t\t<\/p>\n\t\t<\/div>\n\t<\/div>\n\t<p><input class=\"wpcf7-form-control has-spinner wpcf7-submit\" type=\"submit\" value=\"Enviar\" \/>\n\t<\/p>\n<\/div><div class=\"wpcf7-response-output\" aria-hidden=\"true\"><\/div>\n<\/form>\n<\/div>\n<\/div>\n\t\t\t\t\t\t<\/div>\n\t\t\t\t<\/div>\n\t\t\t\t\t<\/div>\n\t\t<\/div>\n\t\t\t\t\t<\/div>\n\t\t<\/section>\n\t\t\t\t<\/div>\n\t\t","protected":false},"excerpt":{"rendered":"<p>Si te interesa alguno de nuestros productos y\/o servicios de mezclado d\u00e9janos tus datos y un ejecutivo te contactar\u00e1 a la brevedad<\/p>\n","protected":false},"author":4,"featured_media":0,"parent":0,"menu_order":0,"comment_status":"closed","ping_status":"closed","template":"","meta":{"footnotes":""},"class_list":["post-1043","page","type-page","status-publish","hentry"],"yoast_head":"<!-- This site is optimized with the Yoast SEO plugin v22.3 - https:\/\/yoast.com\/wordpress\/plugins\/seo\/ -->\n<title>Contacto - BGF<\/title>\n<meta name=\"robots\" content=\"index, follow, max-snippet:-1, max-image-preview:large, max-video-preview:-1\" \/>\n<link rel=\"canonical\" href=\"https:\/\/bgfluids.com\/?page_id=1043\" \/>\n<meta property=\"og:locale\" content=\"es_ES\" \/>\n<meta property=\"og:type\" content=\"article\" \/>\n<meta property=\"og:title\" content=\"Contacto - BGF\" \/>\n<meta property=\"og:description\" content=\"Si te interesa alguno de nuestros productos y\/o servicios de mezclado d\u00e9janos tus datos y un ejecutivo te contactar\u00e1 a la brevedad\" \/>\n<meta property=\"og:url\" content=\"https:\/\/bgfluids.com\/?page_id=1043\" \/>\n<meta property=\"og:site_name\" content=\"BGF\" \/>\n<meta property=\"article:modified_time\" content=\"2023-04-25T03:03:00+00:00\" \/>\n<meta name=\"twitter:card\" content=\"summary_large_image\" \/>\n<script type=\"application\/ld+json\" class=\"yoast-schema-graph\">{\"@context\":\"https:\/\/schema.org\",\"@graph\":[{\"@type\":\"WebPage\",\"@id\":\"https:\/\/bgfluids.com\/?page_id=1043\",\"url\":\"https:\/\/bgfluids.com\/?page_id=1043\",\"name\":\"Contacto - BGF\",\"isPartOf\":{\"@id\":\"https:\/\/bgfluids.com\/#website\"},\"datePublished\":\"2019-04-23T09:24:14+00:00\",\"dateModified\":\"2023-04-25T03:03:00+00:00\",\"breadcrumb\":{\"@id\":\"https:\/\/bgfluids.com\/?page_id=1043#breadcrumb\"},\"inLanguage\":\"es\",\"potentialAction\":[{\"@type\":\"ReadAction\",\"target\":[\"https:\/\/bgfluids.com\/?page_id=1043\"]}]},{\"@type\":\"BreadcrumbList\",\"@id\":\"https:\/\/bgfluids.com\/?page_id=1043#breadcrumb\",\"itemListElement\":[{\"@type\":\"ListItem\",\"position\":1,\"name\":\"Portada\",\"item\":\"https:\/\/bgfluids.com\/\"},{\"@type\":\"ListItem\",\"position\":2,\"name\":\"Contacto\"}]},{\"@type\":\"WebSite\",\"@id\":\"https:\/\/bgfluids.com\/#website\",\"url\":\"https:\/\/bgfluids.com\/\",\"name\":\"BGF\",\"description\":\"Suministros de energ\u00e9ticos nacionales e internacionales\",\"potentialAction\":[{\"@type\":\"SearchAction\",\"target\":{\"@type\":\"EntryPoint\",\"urlTemplate\":\"https:\/\/bgfluids.com\/?s={search_term_string}\"},\"query-input\":\"required name=search_term_string\"}],\"inLanguage\":\"es\"}]}<\/script>\n<!-- \/ Yoast SEO plugin. -->","yoast_head_json":{"title":"Contacto - BGF","robots":{"index":"index","follow":"follow","max-snippet":"max-snippet:-1","max-image-preview":"max-image-preview:large","max-video-preview":"max-video-preview:-1"},"canonical":"https:\/\/bgfluids.com\/?page_id=1043","og_locale":"es_ES","og_type":"article","og_title":"Contacto - BGF","og_description":"Si te interesa alguno de nuestros productos y\/o servicios de mezclado d\u00e9janos tus datos y un ejecutivo te contactar\u00e1 a la brevedad","og_url":"https:\/\/bgfluids.com\/?page_id=1043","og_site_name":"BGF","article_modified_time":"2023-04-25T03:03:00+00:00","twitter_card":"summary_large_image","schema":{"@context":"https:\/\/schema.org","@graph":[{"@type":"WebPage","@id":"https:\/\/bgfluids.com\/?page_id=1043","url":"https:\/\/bgfluids.com\/?page_id=1043","name":"Contacto - BGF","isPartOf":{"@id":"https:\/\/bgfluids.com\/#website"},"datePublished":"2019-04-23T09:24:14+00:00","dateModified":"2023-04-25T03:03:00+00:00","breadcrumb":{"@id":"https:\/\/bgfluids.com\/?page_id=1043#breadcrumb"},"inLanguage":"es","potentialAction":[{"@type":"ReadAction","target":["https:\/\/bgfluids.com\/?page_id=1043"]}]},{"@type":"BreadcrumbList","@id":"https:\/\/bgfluids.com\/?page_id=1043#breadcrumb","itemListElement":[{"@type":"ListItem","position":1,"name":"Portada","item":"https:\/\/bgfluids.com\/"},{"@type":"ListItem","position":2,"name":"Contacto"}]},{"@type":"WebSite","@id":"https:\/\/bgfluids.com\/#website","url":"https:\/\/bgfluids.com\/","name":"BGF","description":"Suministros de energ\u00e9ticos nacionales e internacionales","potentialAction":[{"@type":"SearchAction","target":{"@type":"EntryPoint","urlTemplate":"https:\/\/bgfluids.com\/?s={search_term_string}"},"query-input":"required name=search_term_string"}],"inLanguage":"es"}]}},"_links":{"self":[{"href":"https:\/\/bgfluids.com\/index.php?rest_route=\/wp\/v2\/pages\/1043","targetHints":{"allow":["GET"]}}],"collection":[{"href":"https:\/\/bgfluids.com\/index.php?rest_route=\/wp\/v2\/pages"}],"about":[{"href":"https:\/\/bgfluids.com\/index.php?rest_route=\/wp\/v2\/types\/page"}],"author":[{"embeddable":true,"href":"https:\/\/bgfluids.com\/index.php?rest_route=\/wp\/v2\/users\/4"}],"replies":[{"embeddable":true,"href":"https:\/\/bgfluids.com\/index.php?rest_route=%2Fwp%2Fv2%2Fcomments&post=1043"}],"version-history":[{"count":0,"href":"https:\/\/bgfluids.com\/index.php?rest_route=\/wp\/v2\/pages\/1043\/revisions"}],"wp:attachment":[{"href":"https:\/\/bgfluids.com\/index.php?rest_route=%2Fwp%2Fv2%2Fmedia&parent=1043"}],"curies":[{"name":"wp","href":"https:\/\/api.w.org\/{rel}","templated":true}]}}