{"id":5202,"date":"2023-04-11T06:40:44","date_gmt":"2023-04-11T06:40:44","guid":{"rendered":"https:\/\/bgfluids.com\/?page_id=5202"},"modified":"2024-12-03T15:25:05","modified_gmt":"2024-12-03T15:25:05","slug":"catalogo","status":"publish","type":"page","link":"https:\/\/bgfluids.com\/?page_id=5202","title":{"rendered":"catalogo"},"content":{"rendered":"\t\t<div data-elementor-type=\"wp-page\" data-elementor-id=\"5202\" class=\"elementor elementor-5202\" data-elementor-post-type=\"page\">\n\t\t\t\t\t\t<section class=\"elementor-section elementor-top-section elementor-element elementor-element-982f0bb elementor-section-full_width elementor-section-stretched tm-column-break-ipad-no tm-col-stretched-none elementor-section-height-default elementor-section-height-default\" data-id=\"982f0bb\" data-element_type=\"section\" data-settings=\"{&quot;stretch_section&quot;:&quot;section-stretched&quot;}\">\n\t\t\t\t\t\t\t<div class=\"elementor-background-overlay\"><\/div>\n\t\t\t\t\t\t\t<div class=\"elementor-container elementor-column-gap-default\">\n\t\t\t\t\t<div class=\"elementor-column elementor-col-100 elementor-top-column elementor-element elementor-element-82912f0\" data-id=\"82912f0\" data-element_type=\"column\">\n\t\t\t<div class=\"elementor-widget-wrap elementor-element-populated\">\n\t\t\t\t\t\t<section class=\"elementor-section elementor-inner-section elementor-element elementor-element-f271ea2 tm-column-break-ipad-no tm-col-stretched-none elementor-section-boxed elementor-section-height-default elementor-section-height-default\" data-id=\"f271ea2\" data-element_type=\"section\">\n\t\t\t\t\t\t<div class=\"elementor-container elementor-column-gap-default\">\n\t\t\t\t\t<div class=\"elementor-column elementor-col-33 elementor-inner-column elementor-element elementor-element-74129e4\" data-id=\"74129e4\" data-element_type=\"column\">\n\t\t\t<div class=\"elementor-widget-wrap elementor-element-populated\">\n\t\t\t\t\t\t<div class=\"elementor-element elementor-element-a47d0ec elementor-widget elementor-widget-heading\" data-id=\"a47d0ec\" data-element_type=\"widget\" id=\"perforacion\" data-widget_type=\"heading.default\">\n\t\t\t\t<div class=\"elementor-widget-container\">\n\t\t\t\t\t<h2 class=\"elementor-heading-title elementor-size-default\">Perforaci\u00f3n<\/h2>\t\t\t\t<\/div>\n\t\t\t\t<\/div>\n\t\t\t\t<div class=\"elementor-element elementor-element-1ee5a69 elementor-widget elementor-widget-text-editor\" data-id=\"1ee5a69\" data-element_type=\"widget\" data-widget_type=\"text-editor.default\">\n\t\t\t\t<div class=\"elementor-widget-container\">\n\t\t\t\t\t\t\t\t\t<p>Arcilla Organofilica (Caytone II)<br \/>Cloruro de Sodio \/ Calcio \/ Potasio<br \/>Espaciadores Qu\u00edmicos<br \/>Solventes \/ Surfactantes<br \/>Controlador de Filtrado Polvo\/L\u00edquido<br \/>Bentonita S\u00f3dica<br \/>Emulsificantes<br \/>Goma Xatana Polvo\/L\u00edquida<br \/>Gilsonita<br \/>Inhibidor de Arcillas<br \/>Productos para Control de P\u00e9rdidas de Circulaci\u00f3n (Obturantes: Fino, Medio, Grueso, Extra grueso, L\u00edquido)<br \/>Salmueras (Pot\u00e1sicas, S\u00f3dicas, C\u00e1lcicas)<br \/>Espumante para lodo base agua<br \/>Estabilizador t\u00e9rmico para lodos base agua<\/p>\t\t\t\t\t\t\t\t<\/div>\n\t\t\t\t<\/div>\n\t\t\t\t\t<\/div>\n\t\t<\/div>\n\t\t\t\t<div class=\"elementor-column elementor-col-33 elementor-inner-column elementor-element elementor-element-a2f9624\" data-id=\"a2f9624\" data-element_type=\"column\">\n\t\t\t<div class=\"elementor-widget-wrap elementor-element-populated\">\n\t\t\t\t\t\t<div class=\"elementor-element elementor-element-23e93ae elementor-widget elementor-widget-heading\" data-id=\"23e93ae\" data-element_type=\"widget\" id=\"cementacion\" data-widget_type=\"heading.default\">\n\t\t\t\t<div class=\"elementor-widget-container\">\n\t\t\t\t\t<h2 class=\"elementor-heading-title elementor-size-default\">Cementaci\u00f3n<\/h2>\t\t\t\t<\/div>\n\t\t\t\t<\/div>\n\t\t\t\t<div class=\"elementor-element elementor-element-3a4d691 elementor-widget elementor-widget-text-editor\" data-id=\"3a4d691\" data-element_type=\"widget\" data-widget_type=\"text-editor.default\">\n\t\t\t\t<div class=\"elementor-widget-container\">\n\t\t\t\t\t\t\t\t\t<p class=\"p1\"><span class=\"s1\">Antiespumante s\u00f3lido y l\u00edquido<\/span><\/p><p class=\"p1\"><span class=\"s1\">Controlador de gas s\u00f3lido y l\u00edquido para baja y alta temperatura<\/span><\/p><p class=\"p1\"><span class=\"s1\">Retardadores baja y alta temperatura<\/span><\/p><p class=\"p1\"><span class=\"s1\">Controlador de filtrado<\/span><\/p><p class=\"p1\"><span class=\"s1\">Dispersante org\u00e1nico e inorg\u00e1nico<\/span><\/p><p class=\"p1\"><span class=\"s1\">Controlador de agua libre s\u00f3lido y l\u00edquido<\/span><\/p><p class=\"p1\"><span class=\"s1\">Anti sedimentande s\u00f3lido y l\u00edquido<\/span><\/p><p class=\"p1\"><span class=\"s1\">Microsilica (Di\u00f3xido de Silicio)<\/span><\/p><p class=\"p1\"><span class=\"s1\">Aceleradores<\/span><\/p><p class=\"p1\"><span class=\"s1\">Extendedores<\/span><\/p><p class=\"p1\"><span class=\"s1\">Surfactantes<\/span><\/p>\t\t\t\t\t\t\t\t<\/div>\n\t\t\t\t<\/div>\n\t\t\t\t\t<\/div>\n\t\t<\/div>\n\t\t\t\t<div class=\"elementor-column elementor-col-33 elementor-inner-column elementor-element elementor-element-cad82e3\" data-id=\"cad82e3\" data-element_type=\"column\">\n\t\t\t<div class=\"elementor-widget-wrap elementor-element-populated\">\n\t\t\t\t\t\t<div class=\"elementor-element elementor-element-f292d35 elementor-widget elementor-widget-heading\" data-id=\"f292d35\" data-element_type=\"widget\" data-widget_type=\"heading.default\">\n\t\t\t\t<div class=\"elementor-widget-container\">\n\t\t\t\t\t<h2 class=\"elementor-heading-title elementor-size-default\">Estimulaci\u00f3n<\/h2>\t\t\t\t<\/div>\n\t\t\t\t<\/div>\n\t\t\t\t<div class=\"elementor-element elementor-element-f6e7fd9 elementor-widget elementor-widget-text-editor\" data-id=\"f6e7fd9\" data-element_type=\"widget\" data-widget_type=\"text-editor.default\">\n\t\t\t\t<div class=\"elementor-widget-container\">\n\t\t\t\t\t\t\t\t\t<p class=\"p1\"><span class=\"s1\">Xileno industrial<\/span><\/p><p class=\"p1\"><span class=\"s1\">Agentes Quelantes<\/span><\/p><p class=\"p1\"><span class=\"s1\">Antisludges (anti-lodos)<\/span><\/p><p class=\"p1\"><span class=\"s1\">Cloruro de Amonio<\/span><\/p><p class=\"p1\"><span class=\"s1\">Dispersante de Parafinas<\/span><\/p><p class=\"p1\"><span class=\"s1\">Dispersante de Asf\u00e1ltenos<\/span><\/p><p class=\"p1\"><span class=\"s1\">Solvente Mutual<\/span><\/p><p class=\"p1\"><span class=\"s1\">Surfactantes<\/span><\/p><p class=\"p1\"><span class=\"s1\">Inhibidor de corrosi\u00f3n<\/span><\/p>\t\t\t\t\t\t\t\t<\/div>\n\t\t\t\t<\/div>\n\t\t\t\t\t<\/div>\n\t\t<\/div>\n\t\t\t\t\t<\/div>\n\t\t<\/section>\n\t\t\t\t\t<\/div>\n\t\t<\/div>\n\t\t\t\t\t<\/div>\n\t\t<\/section>\n\t\t\t\t<section class=\"elementor-section elementor-top-section elementor-element elementor-element-83cff82 tm-column-break-ipad-no tm-col-stretched-none elementor-section-boxed elementor-section-height-default elementor-section-height-default\" data-id=\"83cff82\" data-element_type=\"section\">\n\t\t\t\t\t\t<div class=\"elementor-container elementor-column-gap-default\">\n\t\t\t\t\t<div class=\"elementor-column elementor-col-100 elementor-top-column elementor-element elementor-element-7db3e0b\" data-id=\"7db3e0b\" data-element_type=\"column\">\n\t\t\t<div class=\"elementor-widget-wrap elementor-element-populated\">\n\t\t\t\t\t\t<div class=\"elementor-element elementor-element-bb410bb elementor-widget-divider--view-line elementor-widget elementor-widget-divider\" data-id=\"bb410bb\" data-element_type=\"widget\" data-widget_type=\"divider.default\">\n\t\t\t\t<div class=\"elementor-widget-container\">\n\t\t\t\t\t\t\t<div class=\"elementor-divider\">\n\t\t\t<span class=\"elementor-divider-separator\">\n\t\t\t\t\t\t<\/span>\n\t\t<\/div>\n\t\t\t\t\t\t<\/div>\n\t\t\t\t<\/div>\n\t\t\t\t\t<\/div>\n\t\t<\/div>\n\t\t\t\t\t<\/div>\n\t\t<\/section>\n\t\t\t\t<section class=\"elementor-section elementor-top-section elementor-element elementor-element-12c4050 tm-column-break-ipad-no tm-col-stretched-none elementor-section-boxed elementor-section-height-default elementor-section-height-default\" data-id=\"12c4050\" data-element_type=\"section\">\n\t\t\t\t\t\t<div class=\"elementor-container elementor-column-gap-default\">\n\t\t\t\t\t<div class=\"elementor-column elementor-col-100 elementor-top-column elementor-element elementor-element-60eaaa8\" data-id=\"60eaaa8\" data-element_type=\"column\">\n\t\t\t<div class=\"elementor-widget-wrap elementor-element-populated\">\n\t\t\t\t\t\t<div class=\"elementor-element elementor-element-8f4de77 elementor-widget elementor-widget-text-editor\" data-id=\"8f4de77\" data-element_type=\"widget\" data-widget_type=\"text-editor.default\">\n\t\t\t\t<div class=\"elementor-widget-container\">\n\t\t\t\t\t\t\t\t\t<h3 style=\"text-align: center;\" data-pm-slice=\"1 1 []\">BLUE GOLD FUIDS es Socio Estrat\u00e9gico en M\u00e9xico de:<\/h3><p><img decoding=\"async\" class=\"alignnone size-full wp-image-5791 aligncenter\" src=\"https:\/\/bgfluids.com\/wp-content\/uploads\/2024\/12\/BYK_Additives_log.png\" alt=\"\" width=\"250\" height=\"auto\" srcset=\"https:\/\/bgfluids.com\/wp-content\/uploads\/2024\/12\/BYK_Additives_log.png 2560w, https:\/\/bgfluids.com\/wp-content\/uploads\/2024\/12\/BYK_Additives_log-768x212.png 768w, https:\/\/bgfluids.com\/wp-content\/uploads\/2024\/12\/BYK_Additives_log-1536x425.png 1536w, https:\/\/bgfluids.com\/wp-content\/uploads\/2024\/12\/BYK_Additives_log-2048x566.png 2048w, https:\/\/bgfluids.com\/wp-content\/uploads\/2024\/12\/BYK_Additives_log-1200x332.png 1200w, https:\/\/bgfluids.com\/wp-content\/uploads\/2024\/12\/BYK_Additives_log-480x133.png 480w\" sizes=\"(max-width: 2560px) 100vw, 2560px\" \/><\/p>\t\t\t\t\t\t\t\t<\/div>\n\t\t\t\t<\/div>\n\t\t\t\t\t<\/div>\n\t\t<\/div>\n\t\t\t\t\t<\/div>\n\t\t<\/section>\n\t\t\t\t<\/div>\n\t\t","protected":false},"excerpt":{"rendered":"<p>Perforaci\u00f3n Arcilla Organofilica (Caytone II)Cloruro de Sodio \/ Calcio \/ PotasioEspaciadores Qu\u00edmicosSolventes \/ SurfactantesControlador de Filtrado Polvo\/L\u00edquidoBentonita S\u00f3dicaEmulsificantesGoma Xatana Polvo\/L\u00edquidaGilsonitaInhibidor de ArcillasProductos para Control de P\u00e9rdidas de Circulaci\u00f3n (Obturantes: Fino, Medio, Grueso, Extra grueso, L\u00edquido)Salmueras (Pot\u00e1sicas, S\u00f3dicas, C\u00e1lcicas)Espumante para lodo base aguaEstabilizador t\u00e9rmico para lodos base agua Cementaci\u00f3n Antiespumante s\u00f3lido y l\u00edquido Controlador de gas &hellip; <a href=\"https:\/\/bgfluids.com\/?page_id=5202\" class=\"more-link\">Continue reading <span class=\"screen-reader-text\">catalogo<\/span><\/a><\/p>\n","protected":false},"author":4,"featured_media":0,"parent":0,"menu_order":0,"comment_status":"closed","ping_status":"closed","template":"","meta":{"footnotes":""},"class_list":["post-5202","page","type-page","status-publish","hentry"],"yoast_head":"<!-- This site is optimized with the Yoast SEO plugin v22.3 - https:\/\/yoast.com\/wordpress\/plugins\/seo\/ -->\n<title>catalogo - BGF<\/title>\n<meta name=\"robots\" content=\"index, follow, max-snippet:-1, max-image-preview:large, max-video-preview:-1\" \/>\n<link rel=\"canonical\" href=\"https:\/\/bgfluids.com\/?page_id=5202\" \/>\n<meta property=\"og:locale\" content=\"es_ES\" \/>\n<meta property=\"og:type\" content=\"article\" \/>\n<meta property=\"og:title\" content=\"catalogo - BGF\" \/>\n<meta property=\"og:description\" content=\"Perforaci\u00f3n Arcilla Organofilica (Caytone II)Cloruro de Sodio \/ Calcio \/ PotasioEspaciadores Qu\u00edmicosSolventes \/ SurfactantesControlador de Filtrado Polvo\/L\u00edquidoBentonita S\u00f3dicaEmulsificantesGoma Xatana Polvo\/L\u00edquidaGilsonitaInhibidor de ArcillasProductos para Control de P\u00e9rdidas de Circulaci\u00f3n (Obturantes: Fino, Medio, Grueso, Extra grueso, L\u00edquido)Salmueras (Pot\u00e1sicas, S\u00f3dicas, C\u00e1lcicas)Espumante para lodo base aguaEstabilizador t\u00e9rmico para lodos base agua Cementaci\u00f3n Antiespumante s\u00f3lido y l\u00edquido Controlador de gas &hellip; Continue reading catalogo\" \/>\n<meta property=\"og:url\" content=\"https:\/\/bgfluids.com\/?page_id=5202\" \/>\n<meta property=\"og:site_name\" content=\"BGF\" \/>\n<meta property=\"article:modified_time\" content=\"2024-12-03T15:25:05+00:00\" \/>\n<meta property=\"og:image\" content=\"https:\/\/bgfluids.com\/wp-content\/uploads\/2024\/12\/BYK_Additives_log.png\" \/>\n<meta name=\"twitter:card\" content=\"summary_large_image\" \/>\n<meta name=\"twitter:label1\" content=\"Tiempo de lectura\" \/>\n\t<meta name=\"twitter:data1\" content=\"1 minuto\" \/>\n<script type=\"application\/ld+json\" class=\"yoast-schema-graph\">{\"@context\":\"https:\/\/schema.org\",\"@graph\":[{\"@type\":\"WebPage\",\"@id\":\"https:\/\/bgfluids.com\/?page_id=5202\",\"url\":\"https:\/\/bgfluids.com\/?page_id=5202\",\"name\":\"catalogo - BGF\",\"isPartOf\":{\"@id\":\"https:\/\/bgfluids.com\/#website\"},\"primaryImageOfPage\":{\"@id\":\"https:\/\/bgfluids.com\/?page_id=5202#primaryimage\"},\"image\":{\"@id\":\"https:\/\/bgfluids.com\/?page_id=5202#primaryimage\"},\"thumbnailUrl\":\"https:\/\/bgfluids.com\/wp-content\/uploads\/2024\/12\/BYK_Additives_log.png\",\"datePublished\":\"2023-04-11T06:40:44+00:00\",\"dateModified\":\"2024-12-03T15:25:05+00:00\",\"breadcrumb\":{\"@id\":\"https:\/\/bgfluids.com\/?page_id=5202#breadcrumb\"},\"inLanguage\":\"es\",\"potentialAction\":[{\"@type\":\"ReadAction\",\"target\":[\"https:\/\/bgfluids.com\/?page_id=5202\"]}]},{\"@type\":\"ImageObject\",\"inLanguage\":\"es\",\"@id\":\"https:\/\/bgfluids.com\/?page_id=5202#primaryimage\",\"url\":\"https:\/\/bgfluids.com\/wp-content\/uploads\/2024\/12\/BYK_Additives_log.png\",\"contentUrl\":\"https:\/\/bgfluids.com\/wp-content\/uploads\/2024\/12\/BYK_Additives_log.png\",\"width\":2560,\"height\":708},{\"@type\":\"BreadcrumbList\",\"@id\":\"https:\/\/bgfluids.com\/?page_id=5202#breadcrumb\",\"itemListElement\":[{\"@type\":\"ListItem\",\"position\":1,\"name\":\"Portada\",\"item\":\"https:\/\/bgfluids.com\/\"},{\"@type\":\"ListItem\",\"position\":2,\"name\":\"catalogo\"}]},{\"@type\":\"WebSite\",\"@id\":\"https:\/\/bgfluids.com\/#website\",\"url\":\"https:\/\/bgfluids.com\/\",\"name\":\"BGF\",\"description\":\"Suministros de energ\u00e9ticos nacionales e internacionales\",\"potentialAction\":[{\"@type\":\"SearchAction\",\"target\":{\"@type\":\"EntryPoint\",\"urlTemplate\":\"https:\/\/bgfluids.com\/?s={search_term_string}\"},\"query-input\":\"required name=search_term_string\"}],\"inLanguage\":\"es\"}]}<\/script>\n<!-- \/ Yoast SEO plugin. -->","yoast_head_json":{"title":"catalogo - BGF","robots":{"index":"index","follow":"follow","max-snippet":"max-snippet:-1","max-image-preview":"max-image-preview:large","max-video-preview":"max-video-preview:-1"},"canonical":"https:\/\/bgfluids.com\/?page_id=5202","og_locale":"es_ES","og_type":"article","og_title":"catalogo - BGF","og_description":"Perforaci\u00f3n Arcilla Organofilica (Caytone II)Cloruro de Sodio \/ Calcio \/ PotasioEspaciadores Qu\u00edmicosSolventes \/ SurfactantesControlador de Filtrado Polvo\/L\u00edquidoBentonita S\u00f3dicaEmulsificantesGoma Xatana Polvo\/L\u00edquidaGilsonitaInhibidor de ArcillasProductos para Control de P\u00e9rdidas de Circulaci\u00f3n (Obturantes: Fino, Medio, Grueso, Extra grueso, L\u00edquido)Salmueras (Pot\u00e1sicas, S\u00f3dicas, C\u00e1lcicas)Espumante para lodo base aguaEstabilizador t\u00e9rmico para lodos base agua Cementaci\u00f3n Antiespumante s\u00f3lido y l\u00edquido Controlador de gas &hellip; Continue reading catalogo","og_url":"https:\/\/bgfluids.com\/?page_id=5202","og_site_name":"BGF","article_modified_time":"2024-12-03T15:25:05+00:00","og_image":[{"url":"https:\/\/bgfluids.com\/wp-content\/uploads\/2024\/12\/BYK_Additives_log.png"}],"twitter_card":"summary_large_image","twitter_misc":{"Tiempo de lectura":"1 minuto"},"schema":{"@context":"https:\/\/schema.org","@graph":[{"@type":"WebPage","@id":"https:\/\/bgfluids.com\/?page_id=5202","url":"https:\/\/bgfluids.com\/?page_id=5202","name":"catalogo - BGF","isPartOf":{"@id":"https:\/\/bgfluids.com\/#website"},"primaryImageOfPage":{"@id":"https:\/\/bgfluids.com\/?page_id=5202#primaryimage"},"image":{"@id":"https:\/\/bgfluids.com\/?page_id=5202#primaryimage"},"thumbnailUrl":"https:\/\/bgfluids.com\/wp-content\/uploads\/2024\/12\/BYK_Additives_log.png","datePublished":"2023-04-11T06:40:44+00:00","dateModified":"2024-12-03T15:25:05+00:00","breadcrumb":{"@id":"https:\/\/bgfluids.com\/?page_id=5202#breadcrumb"},"inLanguage":"es","potentialAction":[{"@type":"ReadAction","target":["https:\/\/bgfluids.com\/?page_id=5202"]}]},{"@type":"ImageObject","inLanguage":"es","@id":"https:\/\/bgfluids.com\/?page_id=5202#primaryimage","url":"https:\/\/bgfluids.com\/wp-content\/uploads\/2024\/12\/BYK_Additives_log.png","contentUrl":"https:\/\/bgfluids.com\/wp-content\/uploads\/2024\/12\/BYK_Additives_log.png","width":2560,"height":708},{"@type":"BreadcrumbList","@id":"https:\/\/bgfluids.com\/?page_id=5202#breadcrumb","itemListElement":[{"@type":"ListItem","position":1,"name":"Portada","item":"https:\/\/bgfluids.com\/"},{"@type":"ListItem","position":2,"name":"catalogo"}]},{"@type":"WebSite","@id":"https:\/\/bgfluids.com\/#website","url":"https:\/\/bgfluids.com\/","name":"BGF","description":"Suministros de energ\u00e9ticos nacionales e internacionales","potentialAction":[{"@type":"SearchAction","target":{"@type":"EntryPoint","urlTemplate":"https:\/\/bgfluids.com\/?s={search_term_string}"},"query-input":"required name=search_term_string"}],"inLanguage":"es"}]}},"_links":{"self":[{"href":"https:\/\/bgfluids.com\/index.php?rest_route=\/wp\/v2\/pages\/5202","targetHints":{"allow":["GET"]}}],"collection":[{"href":"https:\/\/bgfluids.com\/index.php?rest_route=\/wp\/v2\/pages"}],"about":[{"href":"https:\/\/bgfluids.com\/index.php?rest_route=\/wp\/v2\/types\/page"}],"author":[{"embeddable":true,"href":"https:\/\/bgfluids.com\/index.php?rest_route=\/wp\/v2\/users\/4"}],"replies":[{"embeddable":true,"href":"https:\/\/bgfluids.com\/index.php?rest_route=%2Fwp%2Fv2%2Fcomments&post=5202"}],"version-history":[{"count":0,"href":"https:\/\/bgfluids.com\/index.php?rest_route=\/wp\/v2\/pages\/5202\/revisions"}],"wp:attachment":[{"href":"https:\/\/bgfluids.com\/index.php?rest_route=%2Fwp%2Fv2%2Fmedia&parent=5202"}],"curies":[{"name":"wp","href":"https:\/\/api.w.org\/{rel}","templated":true}]}}