{"id":5981,"date":"2025-06-13T19:47:55","date_gmt":"2025-06-13T19:47:55","guid":{"rendered":"https:\/\/bgfluids.com\/?page_id=5981"},"modified":"2025-06-13T19:47:57","modified_gmt":"2025-06-13T19:47:57","slug":"politica-de-privacidad","status":"publish","type":"page","link":"https:\/\/bgfluids.com\/?page_id=5981","title":{"rendered":"Pol\u00edtica de privacidad"},"content":{"rendered":"\n<p><strong>BLUE GOLD FLUIDS S.A. DE C.V. (en adelante \u201cBGF\u201d)<\/strong> con domicilio en <strong>Carretera Villahermosa-C\u00e1rdenas Km. 9, Bodega 15, Parque Industrial Edmagra, C.P. 86287, Rancher\u00eda Anacleto Canabal 2da Secci\u00f3n, Centro, Tabasco, M\u00e9xico; <\/strong>con n\u00famero de contacto <strong>+52 99 32 08 49 86<\/strong> y correo electr\u00f3nico <strong>msanchez@bgfluids.com<\/strong>, es el responsable del uso y protecci\u00f3n de sus datos personales los cuales ser\u00e1n protegidos conforme a lo dispuesto por la Ley Federal de Protecci\u00f3n de Datos Personales en Posesi\u00f3n de Particulares, y dem\u00e1s leyes aplicables, y al respecto le informa lo siguiente:<\/p>\n\n\n\n<h2 class=\"wp-block-heading\">Las finalidades del tratamiento de datos<\/h2>\n\n\n\n<p>Los datos personales que recabamos al usuario, ser\u00e1n utilizados para las siguientes finalidades:<br>\u25cf Para confirmar, verificar y concluir su compra o contrataci\u00f3n de servicios.<br>\u25cf Realizar comprobante fiscal digital de facturaci\u00f3n.<br>\u25cf Brindar soporte t\u00e9cnico, atenci\u00f3n al cliente y gesti\u00f3n de garant\u00edas.<br>\u25cf Facilitar el acceso y uso de los servicios ofrecidos en la p\u00e1gina web.<br>\u25cf Gestionar de manera \u00f3ptima las relaciones contractuales de BGF.<br>\u25cf Cumplir con obligaciones fiscales, contables, seguridad social y laborales, de conformidad a la normativa vigente en M\u00e9xico.<br>\u25cf Reclutamiento, selecci\u00f3n y contrataci\u00f3n de personal.<br>\u25cf Gesti\u00f3n y actualizaci\u00f3n del expediente laboral de la plantilla de trabajadores.<br>\u25cf Implementaci\u00f3n de medidas de seguridad en el lugar de trabajo, incluida videovigilancia de audio y video, y el control de acceso.<\/p>\n\n\n\n<p>De manera adicional, utilizaremos sus datos personales para las siguientes finalidades que no son necesarias para el servicio solicitado, pero que nos permiten y facilitan brindarle una mejor atenci\u00f3n:<br>\u25cf Env\u00edo de notificaciones, avisos o publicidad sobre nuestros productos, servicios y promociones.<br>\u25cf Realizaci\u00f3n de encuestas de satisfacci\u00f3n y an\u00e1lisis de tendencias de consumo.<br>\u25cf Cumplimiento de auditor\u00edas internas y externas.<br>\u25cf Garantizar la seguridad del usuario y de los visitantes, colaboradores y clientes de BGF.<br>\u25cf Control de acceso a nuestras instalaciones y monitoreo de seguridad mediante sistemas de videovigilancia con audio y video.<br>\u25cf Prevenci\u00f3n de fraudes, actividades il\u00edcitas y protecci\u00f3n de informaci\u00f3n sensible.<br><\/p>\n\n\n\n<p>En caso de que no desee que sus datos personales sean tratados para estos fines adicionales,<br>usted puede manifestarlo as\u00ed al correo electr\u00f3nico <strong>msanchez@bgfluids.com<\/strong><\/p>\n\n\n\n<h2 class=\"wp-block-heading\">Datos personales recabados<\/h2>\n\n\n\n<p>Para llevar a cabo las finalidades descritas en el presente aviso de privacidad, se solicitar\u00e1n directamente, de forma escrita o por medios electr\u00f3nicos, los datos correspondientes al cliente, tales como:<br>\u25cf<strong> Datos de identificaci\u00f3n: <\/strong>Nombre(s), apellidos; firma aut\u00f3grafa; Registro Federal de Contribuyentes (RFC); Clave \u00danica de Registro de Poblaci\u00f3n (CURP); fotograf\u00eda e im\u00e1genes de video y audio.<br>\u25cf <strong>Datos de contacto:<\/strong> Domicilio, N\u00famero exterior, N\u00famero interior, Colonia, Municipio, Estado, C\u00f3digo postal, Tel\u00e9fono celular o fijo, Correo electr\u00f3nico.<br>\u25cf <strong>Datos patrimoniales o financieros:<\/strong> N\u00famero de tarjeta, tipo de tarjeta de cr\u00e9dito o d\u00e9bito, Nombre completo del tarjetahabiente. Datos contenidos en acta constitutiva. En caso de requerir factura, raz\u00f3n social, Registro Federal del Contribuyente, domicilio fiscal y r\u00e9gimen fiscal.<br>\u25cf <strong>Datos biom\u00e9tricos:<\/strong> Huella dactilar.<br><\/p>\n\n\n\n<p>Esta empresa no requiere ni hace uso de datos personales sensibles.<\/p>\n\n\n\n<h2 class=\"wp-block-heading\">Fundamento legal<\/h2>\n\n\n\n<p>El fundamento para el tratamiento de datos personales y transferencias son: 1, 8, 10, 15, 16, 17 fracci\u00f3n II 22, 28, 29, 30, 31, 32, 33, 34, 35, 36, 37 y dem\u00e1s relativos aplicables de la Ley Federal de Protecci\u00f3n de Datos Personales en Posesi\u00f3n de Particulares.<br><\/p>\n\n\n\n<h2 class=\"wp-block-heading\">Transferencias de datos personales<\/h2>\n\n\n\n<p>Para la prestaci\u00f3n de servicios, el responsable comparte sus datos personales con el personal que labora en <strong>BLUE GOLD FLUIDS S.A. DE C.V.<\/strong> , as\u00ed como puede transferir dentro y fuera del pa\u00eds, los datos personales en su posesi\u00f3n a terceros para fines relacionados con los se\u00f1alados en este aviso de privacidad.<\/p>\n\n\n\n<p><strong>1.-Destinatario de los datos personales: <\/strong>Despacho Jur\u00eddico LEXCOM ABOGADOS \u00ae de LEXEM S.C.<\/p>\n\n\n\n<p>*<strong>Pa\u00eds:<\/strong> M\u00e9xico.<\/p>\n\n\n\n<p>*<strong>Finalidad: <\/strong><\/p>\n\n\n\n<p>\u25cf Soluci\u00f3n de controversias. y r\u00e9gimen fiscal.<br>\u25cf  Gesti\u00f3n de Cobranza de saldos insolutos.<br>\u25cf Para la representaci\u00f3n y defensa de derechos de la responsable.<\/p>\n\n\n\n<p><strong>2.-Destinatario de los datos personales: <\/strong>Autoridad judicial o administrativa competente.<\/p>\n\n\n\n<p><strong>*Pa\u00eds: <\/strong>M\u00e9xico<\/p>\n\n\n\n<p><strong>*Finalidad:<\/strong><\/p>\n\n\n\n<p>\u25cf Para dar cumplimiento a mandatos judiciales o administrativos.<br>\u25cf Para la soluci\u00f3n y defensa en controversias judiciales administrativas.<\/p>\n\n\n\n<h2 class=\"wp-block-heading\">Derechos ARCO (Acceso, Rectificaci\u00f3n, Cancelaci\u00f3n, Oposici\u00f3n)<\/h2>\n\n\n\n<p>El usuario tiene derecho a conocer qu\u00e9 datos personales tenemos, para qu\u00e9 son utilizados y las condiciones de uso que les damos. As\u00ed mismo, es su derecho solicitar la correcci\u00f3n de su informaci\u00f3n personal en caso de que est\u00e9 desactualizada, sea inexacta o incompleta para que sea eliminada de nuestros registros y bases de datos cuando considere que la misma no est\u00e1 siendo utilizada conforme a los principios, deberes y obligaciones previstas en la normativa; as\u00ed como oponerse al uso de sus datos personales para fines espec\u00edficos.<br><\/p>\n\n\n\n<p>Para el ejercicio de cualquiera de los derechos ARCO, el cliente deber\u00e1 presentar una solicitud por escrito dirigida al responsable de los Datos Personales a la direcci\u00f3n electr\u00f3nica y f\u00edsica mencionada al inicio del presente aviso, y que deber\u00e1 contener la siguiente informaci\u00f3n:<br><strong>a<\/strong>. Nombre del titular de los datos personales.<br><strong>b.<\/strong> Documentos que acrediten la identidad del titular.<br>c. En su caso, nombre del representante del titular y documentos para acreditar su identidad y personalidad.<br>d. Domicilio o cualquier medio para recibir notificaciones.<br>e. Descripci\u00f3n clara y precisa de los datos personales que se quieran rectificar, cancelar u oponerse a su tratamiento.<br>f. Descripci\u00f3n del derecho que se quiere ejercer o de lo que solicita el titular.<br>g. En su caso, documentos o informaci\u00f3n que facilite la localizaci\u00f3n de los datos personales, entre ella, el \u00e1rea responsable.<br><\/p>\n\n\n\n<p>En caso de solicitar la rectificaci\u00f3n, adicionalmente deber\u00e1 indicar las modificaciones a realizarse y aportar la documentaci\u00f3n oficial necesaria que sustente su petici\u00f3n. En el derecho de cancelaci\u00f3n debe expresar las causas que motivan la eliminaci\u00f3n. Y en el derecho de oposici\u00f3n debe se\u00f1alar los motivos que justifican se finalice el tratamiento de los datos personales y el da\u00f1o o perjuicio que le causar\u00eda, o bien, si la oposici\u00f3n es parcial, debe indicar las finalidades espec\u00edficas con las que se no est\u00e1 de acuerdo, siempre que no sea un requisito obligatorio.<br><\/p>\n\n\n\n<p>Una vez que se present\u00f3 la solicitud y que \u00e9sta cumpli\u00f3 con los requisitos antes descritos, el sujeto obligado ante el cual se present\u00f3 deber\u00e1 realizar lo siguiente:<br>\u25cf En un plazo de 20 d\u00edas h\u00e1biles, contados a partir del d\u00eda siguiente a la recepci\u00f3n de la solicitud, deber\u00e1 informarle si procede o no el ejercicio del derecho solicitado.<br>\u25cf En caso de que haya procedido el ejercicio del derecho, deber\u00e1 llevar a cabo las acciones necesarias para hacerlo efectivo, en un plazo de 15 d\u00edas h\u00e1biles, contados a partir del d\u00eda siguiente en el que le haya notificado la respuesta anterior.<\/p>\n\n\n\n<h2 class=\"wp-block-heading\">Revocaci\u00f3n del consentimiento<\/h2>\n\n\n\n<p>El usuario puede revocar el consentimiento que, en su caso, nos haya otorgado para el tratamiento de sus datos personales. Sin embargo, es importante que tenga en cuenta que no en todos los casos podremos atender su solicitud o concluir el uso de forma inmediata, ya que por obligaci\u00f3n legal requerimos seguir tratando sus datos personales. De esta forma, el usuario deber\u00e1 considerar que, para los fines en menci\u00f3n, la revocaci\u00f3n de su consentimiento implica que no le podamos seguir prestando el servicio, o la conclusi\u00f3n de su relaci\u00f3n con nosotros.<br><\/p>\n\n\n\n<p>Para revocar su consentimiento deber\u00e1 presentar su solicitud en forma f\u00edsica en nuestras oficinas ubicadas en Carretera Villahermosa-C\u00e1rdenas Km. 9, Bodega 15, Parque Industrial Edmagra, C.P. 86287, Rancher\u00eda Anacleto Canabal 2da Secci\u00f3n, Centro, Tabasco, M\u00e9xico.<br><\/p>\n\n\n\n<p>El procedimiento y requisitos para la revocaci\u00f3n del consentimiento es el siguiente: Entregar documento simple que contenga solicitud de revocaci\u00f3n con sus datos de identificaci\u00f3n y firma en tinta azul, as\u00ed como copia de su identificaci\u00f3n oficial.<\/p>\n\n\n\n<h2 class=\"wp-block-heading\">Limitar el uso o divulgaci\u00f3n de los datos personales.<\/h2>\n\n\n\n<p>Con objeto de que usted pueda limitar el uso y divulgaci\u00f3n de su informaci\u00f3n personal, le ofrecemos los siguientes medios:<\/p>\n\n\n\n<p>Su inscripci\u00f3n en el Registro P\u00fablico para Evitar Publicidad, que est\u00e1 a cargo de la Procuradur\u00eda Federal del Consumidor, con la finalidad de que sus datos personales no sean utilizados para recibir publicidad o promociones de empresas de bienes o servicios.<\/p>\n\n\n\n<p><br>Para mayor informaci\u00f3n sobre este registro, usted puede consultar el portal de Internet de la PROFECO, o bien ponerse en contacto directo con \u00e9sta.<\/p>\n\n\n\n<p>De forma f\u00edsica con documento simple en las oficinas ubicadas en Carretera Villahermosa-C\u00e1rdenas Km. 9, Bodega 15, Parque Industrial Edmagra, C.P. 86287, Rancher\u00eda Anacleto Canabal 2da Secci\u00f3n, Centro, Tabasco, M\u00e9xico, y por correo electr\u00f3nico: <strong>msanchez@bgfluids.com<\/strong><\/p>\n\n\n\n<h2 class=\"wp-block-heading\">El uso de tecnolog\u00edas de rastreo en nuestro portal de Internet<\/h2>\n\n\n\n<p>Le informamos que en nuestra p\u00e1gina de Internet utilizamos cookies, web beacons y otras tecnolog\u00edas a trav\u00e9s de las cuales es posible monitorear su comportamiento como usuario de Internet, brindarle un mejor servicio y experiencia de usuario al navegar en nuestra p\u00e1gina, as\u00ed como ofrecerle nuevos productos y servicios basados en sus preferencias.<br><\/p>\n\n\n\n<p>Los datos personales que obtenemos de estas tecnolog\u00edas de rastreo son los siguientes: horario de navegaci\u00f3n, tiempo de navegaci\u00f3n en nuestra p\u00e1gina de Internet, secciones consultadas, y p\u00e1ginas de Internet accedidas previo a la nuestra.<br><\/p>\n\n\n\n<p>Estas cookies y otras tecnolog\u00edas pueden ser deshabilitadas. Para conocer c\u00f3mo hacerlo, consulte el siguiente v\u00ednculo: <\/p>\n\n\n\n<p><strong>https:\/\/support.google.com\/accounts\/answer\/61416?co=GENIE.Platform%3DDesktop&amp;hl=es<\/strong><\/p>\n\n\n\n<h2 class=\"wp-block-heading\">El procedimiento y medio por el cual se comunicar\u00e1 a los titulares de cambios en el aviso de privacidad<\/h2>\n\n\n\n<p>El responsable, se reserva a efectuar en cualquier momento las modificaciones al presente aviso de privacidad para cumplir con actualizaciones legislativas, jurisprudenciales, pol\u00edticas internas, nuevos requisitos para la prestaci\u00f3n de servicios, en el entendido de que toda modificaci\u00f3n al mismo se le dar\u00e1 a conocer por medio de la publicaci\u00f3n de un aviso que estar\u00e1 disponible en nuestra pagina oficial de internet: <strong>https:\/\/bgfluids.com\/<\/strong><\/p>\n\n\n\n<h2 class=\"wp-block-heading\">Informaci\u00f3n sobre el INAI<\/h2>\n\n\n\n<p>Si el cliente considera que su derecho a la protecci\u00f3n de sus datos personales ha sido lesionado por alguna conducta u omisi\u00f3n de nuestra parte, o presume alguna violaci\u00f3n a las disposiciones previstas en la Ley Federal de Protecci\u00f3n de Datos Personales en Posesi\u00f3n de los Particulares, su Reglamento y dem\u00e1s ordenamientos aplicables, podr\u00e1 interponer su inconformidad o denuncia ante el Instituto Nacional de Transparencia, Acceso a la Informaci\u00f3n y Protecci\u00f3n de Datos Personales (INAI). Para mayor informaci\u00f3n, le sugerimos visitar su p\u00e1gina oficial de Internet <strong>www.inai.org.mx<\/strong><\/p>\n\n\n\n<p><\/p>\n","protected":false},"excerpt":{"rendered":"<p>BLUE GOLD FLUIDS S.A. DE C.V. (en adelante \u201cBGF\u201d) con domicilio en Carretera Villahermosa-C\u00e1rdenas Km. 9, Bodega 15, Parque Industrial Edmagra, C.P. 86287, Rancher\u00eda Anacleto Canabal 2da Secci\u00f3n, Centro, Tabasco, M\u00e9xico; con n\u00famero de contacto +52 99 32 08 49 86 y correo electr\u00f3nico msanchez@bgfluids.com, es el responsable del uso y protecci\u00f3n de sus datos &hellip; <a href=\"https:\/\/bgfluids.com\/?page_id=5981\" class=\"more-link\">Continue reading <span class=\"screen-reader-text\">Pol\u00edtica de privacidad<\/span><\/a><\/p>\n","protected":false},"author":4,"featured_media":0,"parent":0,"menu_order":0,"comment_status":"closed","ping_status":"closed","template":"","meta":{"footnotes":""},"class_list":["post-5981","page","type-page","status-publish","hentry"],"yoast_head":"<!-- This site is optimized with the Yoast SEO plugin v22.3 - https:\/\/yoast.com\/wordpress\/plugins\/seo\/ -->\n<title>Pol\u00edtica de privacidad - BGF<\/title>\n<meta name=\"robots\" content=\"index, follow, max-snippet:-1, max-image-preview:large, max-video-preview:-1\" \/>\n<link rel=\"canonical\" href=\"https:\/\/bgfluids.com\/?page_id=5981\" \/>\n<meta property=\"og:locale\" content=\"es_ES\" \/>\n<meta property=\"og:type\" content=\"article\" \/>\n<meta property=\"og:title\" content=\"Pol\u00edtica de privacidad - BGF\" \/>\n<meta property=\"og:description\" content=\"BLUE GOLD FLUIDS S.A. DE C.V. (en adelante \u201cBGF\u201d) con domicilio en Carretera Villahermosa-C\u00e1rdenas Km. 9, Bodega 15, Parque Industrial Edmagra, C.P. 86287, Rancher\u00eda Anacleto Canabal 2da Secci\u00f3n, Centro, Tabasco, M\u00e9xico; con n\u00famero de contacto +52 99 32 08 49 86 y correo electr\u00f3nico msanchez@bgfluids.com, es el responsable del uso y protecci\u00f3n de sus datos &hellip; Continue reading Pol\u00edtica de privacidad\" \/>\n<meta property=\"og:url\" content=\"https:\/\/bgfluids.com\/?page_id=5981\" \/>\n<meta property=\"og:site_name\" content=\"BGF\" \/>\n<meta property=\"article:modified_time\" content=\"2025-06-13T19:47:57+00:00\" \/>\n<meta name=\"twitter:card\" content=\"summary_large_image\" \/>\n<meta name=\"twitter:label1\" content=\"Tiempo de lectura\" \/>\n\t<meta name=\"twitter:data1\" content=\"8 minutos\" \/>\n<script type=\"application\/ld+json\" class=\"yoast-schema-graph\">{\"@context\":\"https:\/\/schema.org\",\"@graph\":[{\"@type\":\"WebPage\",\"@id\":\"https:\/\/bgfluids.com\/?page_id=5981\",\"url\":\"https:\/\/bgfluids.com\/?page_id=5981\",\"name\":\"Pol\u00edtica de privacidad - BGF\",\"isPartOf\":{\"@id\":\"https:\/\/bgfluids.com\/#website\"},\"datePublished\":\"2025-06-13T19:47:55+00:00\",\"dateModified\":\"2025-06-13T19:47:57+00:00\",\"breadcrumb\":{\"@id\":\"https:\/\/bgfluids.com\/?page_id=5981#breadcrumb\"},\"inLanguage\":\"es\",\"potentialAction\":[{\"@type\":\"ReadAction\",\"target\":[\"https:\/\/bgfluids.com\/?page_id=5981\"]}]},{\"@type\":\"BreadcrumbList\",\"@id\":\"https:\/\/bgfluids.com\/?page_id=5981#breadcrumb\",\"itemListElement\":[{\"@type\":\"ListItem\",\"position\":1,\"name\":\"Portada\",\"item\":\"https:\/\/bgfluids.com\/\"},{\"@type\":\"ListItem\",\"position\":2,\"name\":\"Pol\u00edtica de privacidad\"}]},{\"@type\":\"WebSite\",\"@id\":\"https:\/\/bgfluids.com\/#website\",\"url\":\"https:\/\/bgfluids.com\/\",\"name\":\"BGF\",\"description\":\"Suministros de energ\u00e9ticos nacionales e internacionales\",\"potentialAction\":[{\"@type\":\"SearchAction\",\"target\":{\"@type\":\"EntryPoint\",\"urlTemplate\":\"https:\/\/bgfluids.com\/?s={search_term_string}\"},\"query-input\":\"required name=search_term_string\"}],\"inLanguage\":\"es\"}]}<\/script>\n<!-- \/ Yoast SEO plugin. -->","yoast_head_json":{"title":"Pol\u00edtica de privacidad - BGF","robots":{"index":"index","follow":"follow","max-snippet":"max-snippet:-1","max-image-preview":"max-image-preview:large","max-video-preview":"max-video-preview:-1"},"canonical":"https:\/\/bgfluids.com\/?page_id=5981","og_locale":"es_ES","og_type":"article","og_title":"Pol\u00edtica de privacidad - BGF","og_description":"BLUE GOLD FLUIDS S.A. DE C.V. (en adelante \u201cBGF\u201d) con domicilio en Carretera Villahermosa-C\u00e1rdenas Km. 9, Bodega 15, Parque Industrial Edmagra, C.P. 86287, Rancher\u00eda Anacleto Canabal 2da Secci\u00f3n, Centro, Tabasco, M\u00e9xico; con n\u00famero de contacto +52 99 32 08 49 86 y correo electr\u00f3nico msanchez@bgfluids.com, es el responsable del uso y protecci\u00f3n de sus datos &hellip; Continue reading Pol\u00edtica de privacidad","og_url":"https:\/\/bgfluids.com\/?page_id=5981","og_site_name":"BGF","article_modified_time":"2025-06-13T19:47:57+00:00","twitter_card":"summary_large_image","twitter_misc":{"Tiempo de lectura":"8 minutos"},"schema":{"@context":"https:\/\/schema.org","@graph":[{"@type":"WebPage","@id":"https:\/\/bgfluids.com\/?page_id=5981","url":"https:\/\/bgfluids.com\/?page_id=5981","name":"Pol\u00edtica de privacidad - BGF","isPartOf":{"@id":"https:\/\/bgfluids.com\/#website"},"datePublished":"2025-06-13T19:47:55+00:00","dateModified":"2025-06-13T19:47:57+00:00","breadcrumb":{"@id":"https:\/\/bgfluids.com\/?page_id=5981#breadcrumb"},"inLanguage":"es","potentialAction":[{"@type":"ReadAction","target":["https:\/\/bgfluids.com\/?page_id=5981"]}]},{"@type":"BreadcrumbList","@id":"https:\/\/bgfluids.com\/?page_id=5981#breadcrumb","itemListElement":[{"@type":"ListItem","position":1,"name":"Portada","item":"https:\/\/bgfluids.com\/"},{"@type":"ListItem","position":2,"name":"Pol\u00edtica de privacidad"}]},{"@type":"WebSite","@id":"https:\/\/bgfluids.com\/#website","url":"https:\/\/bgfluids.com\/","name":"BGF","description":"Suministros de energ\u00e9ticos nacionales e internacionales","potentialAction":[{"@type":"SearchAction","target":{"@type":"EntryPoint","urlTemplate":"https:\/\/bgfluids.com\/?s={search_term_string}"},"query-input":"required name=search_term_string"}],"inLanguage":"es"}]}},"_links":{"self":[{"href":"https:\/\/bgfluids.com\/index.php?rest_route=\/wp\/v2\/pages\/5981","targetHints":{"allow":["GET"]}}],"collection":[{"href":"https:\/\/bgfluids.com\/index.php?rest_route=\/wp\/v2\/pages"}],"about":[{"href":"https:\/\/bgfluids.com\/index.php?rest_route=\/wp\/v2\/types\/page"}],"author":[{"embeddable":true,"href":"https:\/\/bgfluids.com\/index.php?rest_route=\/wp\/v2\/users\/4"}],"replies":[{"embeddable":true,"href":"https:\/\/bgfluids.com\/index.php?rest_route=%2Fwp%2Fv2%2Fcomments&post=5981"}],"version-history":[{"count":2,"href":"https:\/\/bgfluids.com\/index.php?rest_route=\/wp\/v2\/pages\/5981\/revisions"}],"predecessor-version":[{"id":5984,"href":"https:\/\/bgfluids.com\/index.php?rest_route=\/wp\/v2\/pages\/5981\/revisions\/5984"}],"wp:attachment":[{"href":"https:\/\/bgfluids.com\/index.php?rest_route=%2Fwp%2Fv2%2Fmedia&parent=5981"}],"curies":[{"name":"wp","href":"https:\/\/api.w.org\/{rel}","templated":true}]}}